{"id":5,"date":"2025-10-28T09:06:50","date_gmt":"2025-10-28T12:06:50","guid":{"rendered":"https:\/\/grupos.uepb.edu.br\/gpteca\/?page_id=5"},"modified":"2025-11-01T23:49:21","modified_gmt":"2025-11-02T02:49:21","slug":"pagina-inicial","status":"publish","type":"page","link":"https:\/\/grupos.uepb.edu.br\/gpteca\/","title":{"rendered":"P\u00e1gina Inicial"},"content":{"rendered":"<div class=\"wpb-content-wrapper\"><p>[vc_row][vc_column width=&#8221;3\/4&#8243;][vc_text_separator title=&#8221;\u00daltimas Not\u00edcias&#8221; i_icon_fontawesome=&#8221;fa fa-regular fa-newspaper&#8221; i_color=&#8221;custom&#8221; title_align=&#8221;separator_align_left&#8221; align=&#8221;align_left&#8221; add_icon=&#8221;true&#8221; i_custom_color=&#8221;#CC0000&#8243;]<div class=\"mdl-grid\"><div class=\"mdl-cell mdl-cell--6-col mdl-cell--6-col-tablet mdl-cell--12-col-phone bloco-noticias\"><div class=\"imagem-destaque-noticia\"><a href=\"https:\/\/grupos.uepb.edu.br\/gpteca\/2025\/11\/01\/professores-do-gpteca-uepb-e-ufcg-publicam-estudo-inedito-sobre-modelagem-hidrossedimentologica-no-semiarido-paraibano\/\"><img decoding=\"async\" src=\"https:\/\/grupos.uepb.edu.br\/gpteca\/wp-content\/uploads\/sites\/6\/2025\/11\/noticia1.png\" class=\"img-destaque-noticia img-responsive\" alt=\"Professores do GPTecA\/UEPB e UFCG publicam estudo in\u00e9dito sobre modelagem hidrossedimentol\u00f3gica no semi\u00e1rido paraibano\" title=\"\"\/><\/a><\/div><div class=\"titulo-noticia-widget\"><a href=\"https:\/\/grupos.uepb.edu.br\/gpteca\/2025\/11\/01\/professores-do-gpteca-uepb-e-ufcg-publicam-estudo-inedito-sobre-modelagem-hidrossedimentologica-no-semiarido-paraibano\/\" class=\"vc_gitem-link\"><h3 class=\"titulo-destaque-noticia\">Professores do GPTecA\/UEPB e UFCG publicam estudo in\u00e9dito sobre modelagem hidrossedimentol\u00f3gica no semi\u00e1rido paraibano<\/h3><\/a><\/div><\/div><div class=\"mdl-cell mdl-cell--6-col mdl-cell--6-col-tablet mdl-cell--12-col-phone bloco-noticias\"><div class=\"imagem-destaque-noticia\"><a href=\"https:\/\/grupos.uepb.edu.br\/gpteca\/2022\/12\/20\/pesquisadores-do-gpteca-atuam-no-monitoramento-de-aterros-sanitarios-na-paraiba\/\"><img decoding=\"async\" src=\"https:\/\/grupos.uepb.edu.br\/gpteca\/wp-content\/uploads\/sites\/6\/2025\/11\/noticia2.png\" class=\"img-destaque-noticia img-responsive\" alt=\"Pesquisadores do GPTecA atuam no monitoramento de aterros sanit\u00e1rios na Para\u00edba\" title=\"\"\/><\/a><\/div><div class=\"titulo-noticia-widget\"><a href=\"https:\/\/grupos.uepb.edu.br\/gpteca\/2022\/12\/20\/pesquisadores-do-gpteca-atuam-no-monitoramento-de-aterros-sanitarios-na-paraiba\/\" class=\"vc_gitem-link\"><h3 class=\"titulo-destaque-noticia\">Pesquisadores do GPTecA atuam no monitoramento de aterros sanit\u00e1rios na Para\u00edba<\/h3><\/a><\/div><\/div><\/div>[\/vc_column][vc_column width=&#8221;1\/4&#8243;][vc_text_separator title=&#8221;Acesso R\u00e1pido&#8221; i_icon_fontawesome=&#8221;fa fa-solid fa-arrow-right-long&#8221; i_color=&#8221;custom&#8221; title_align=&#8221;separator_align_left&#8221; align=&#8221;align_left&#8221; css=&#8221;&#8221; add_icon=&#8221;true&#8221; i_custom_color=&#8221;#CC0000&#8243;][vc_btn title=&#8221;Portal da UEPB&#8221; style=&#8221;3d&#8221; color=&#8221;danger&#8221; size=&#8221;lg&#8221; align=&#8221;left&#8221; css=&#8221;&#8221; button_block=&#8221;true&#8221; link=&#8221;url:https%3A%2F%2Fuepb.edu.br|title:Portal%20da%20UEPB|target:_blank&#8221;][vc_separator css=&#8221;&#8221;][vc_btn title=&#8221;PPGCTA&#8221; style=&#8221;3d&#8221; color=&#8221;danger&#8221; size=&#8221;lg&#8221; align=&#8221;left&#8221; css=&#8221;&#8221; button_block=&#8221;true&#8221; link=&#8221;url:https%3A%2F%2Fpos-graduacao.uepb.edu.br%2Fppgcta%2F|title:Portal%20do%20PPGCTA%2FUEPB|target:_blank&#8221;][vc_separator css=&#8221;&#8221;][vc_btn title=&#8221;CNPq&#8221; style=&#8221;3d&#8221; color=&#8221;danger&#8221; size=&#8221;lg&#8221; align=&#8221;left&#8221; css=&#8221;&#8221; button_block=&#8221;true&#8221; link=&#8221;url:https%3A%2F%2Fwww.cnpq.br|title:Portal%20do%20CNPq|target:_blank&#8221;][vc_separator css=&#8221;&#8221;][vc_btn title=&#8221;CAPES&#8221; style=&#8221;3d&#8221; color=&#8221;danger&#8221; size=&#8221;lg&#8221; align=&#8221;left&#8221; css=&#8221;&#8221; button_block=&#8221;true&#8221; link=&#8221;url:https%3A%2F%2Fwww.capes.gov.br|title:Portal%20da%20CAPES|target:_blank&#8221;][vc_separator css=&#8221;&#8221;][vc_btn title=&#8221;FAPESQ&#8221; style=&#8221;3d&#8221; color=&#8221;danger&#8221; size=&#8221;lg&#8221; align=&#8221;left&#8221; css=&#8221;&#8221; button_block=&#8221;true&#8221; link=&#8221;url:https%3A%2F%2Ffapesq.rpp.br%2F|title:Portal%20da%20FAPESQ|target:_blank&#8221;][\/vc_column][\/vc_row]<\/p>\n<\/div>","protected":false},"excerpt":{"rendered":"<p>[vc_row][vc_column width=&#8221;3\/4&#8243;][vc_text_separator title=&#8221;\u00daltimas Not\u00edcias&#8221; i_icon_fontawesome=&#8221;fa fa-regular fa-newspaper&#8221; i_color=&#8221;custom&#8221; title_align=&#8221;separator_align_left&#8221; align=&#8221;align_left&#8221; add_icon=&#8221;true&#8221; i_custom_color=&#8221;#CC0000&#8243;][\/vc_column][vc_column width=&#8221;1\/4&#8243;][vc_text_separator title=&#8221;Acesso R\u00e1pido&#8221; i_icon_fontawesome=&#8221;fa fa-solid fa-arrow-right-long&#8221; i_color=&#8221;custom&#8221; title_align=&#8221;separator_align_left&#8221; align=&#8221;align_left&#8221; css=&#8221;&#8221; add_icon=&#8221;true&#8221; i_custom_color=&#8221;#CC0000&#8243;][vc_btn title=&#8221;Portal da UEPB&#8221; style=&#8221;3d&#8221; color=&#8221;danger&#8221; size=&#8221;lg&#8221; align=&#8221;left&#8221; css=&#8221;&#8221; button_block=&#8221;true&#8221; link=&#8221;url:https%3A%2F%2Fuepb.edu.br|title:Portal%20da%20UEPB|target:_blank&#8221;][vc_separator css=&#8221;&#8221;][vc_btn title=&#8221;PPGCTA&#8221; style=&#8221;3d&#8221; color=&#8221;danger&#8221; size=&#8221;lg&#8221; align=&#8221;left&#8221; css=&#8221;&#8221; button_block=&#8221;true&#8221; link=&#8221;url:https%3A%2F%2Fpos-graduacao.uepb.edu.br%2Fppgcta%2F|title:Portal%20do%20PPGCTA%2FUEPB|target:_blank&#8221;][vc_separator css=&#8221;&#8221;][vc_btn title=&#8221;CNPq&#8221; style=&#8221;3d&#8221; color=&#8221;danger&#8221; size=&#8221;lg&#8221; align=&#8221;left&#8221; css=&#8221;&#8221; button_block=&#8221;true&#8221; link=&#8221;url:https%3A%2F%2Fwww.cnpq.br|title:Portal%20do%20CNPq|target:_blank&#8221;][vc_separator css=&#8221;&#8221;][vc_btn title=&#8221;CAPES&#8221; style=&#8221;3d&#8221; <a class=\"leiamais\" href=\"https:\/\/grupos.uepb.edu.br\/gpteca\/\">Leia Mais&#8230;<\/a><\/p>\n","protected":false},"author":3,"featured_media":136,"parent":0,"menu_order":0,"comment_status":"closed","ping_status":"closed","template":"","meta":{"footnotes":""},"class_list":["post-5","page","type-page","status-publish","has-post-thumbnail","hentry"],"_links":{"self":[{"href":"https:\/\/grupos.uepb.edu.br\/gpteca\/wp-json\/wp\/v2\/pages\/5","targetHints":{"allow":["GET"]}}],"collection":[{"href":"https:\/\/grupos.uepb.edu.br\/gpteca\/wp-json\/wp\/v2\/pages"}],"about":[{"href":"https:\/\/grupos.uepb.edu.br\/gpteca\/wp-json\/wp\/v2\/types\/page"}],"author":[{"embeddable":true,"href":"https:\/\/grupos.uepb.edu.br\/gpteca\/wp-json\/wp\/v2\/users\/3"}],"replies":[{"embeddable":true,"href":"https:\/\/grupos.uepb.edu.br\/gpteca\/wp-json\/wp\/v2\/comments?post=5"}],"version-history":[{"count":33,"href":"https:\/\/grupos.uepb.edu.br\/gpteca\/wp-json\/wp\/v2\/pages\/5\/revisions"}],"predecessor-version":[{"id":186,"href":"https:\/\/grupos.uepb.edu.br\/gpteca\/wp-json\/wp\/v2\/pages\/5\/revisions\/186"}],"wp:featuredmedia":[{"embeddable":true,"href":"https:\/\/grupos.uepb.edu.br\/gpteca\/wp-json\/wp\/v2\/media\/136"}],"wp:attachment":[{"href":"https:\/\/grupos.uepb.edu.br\/gpteca\/wp-json\/wp\/v2\/media?parent=5"}],"curies":[{"name":"wp","href":"https:\/\/api.w.org\/{rel}","templated":true}]}}