{"id":279,"date":"2025-11-10T04:47:12","date_gmt":"2025-11-10T07:47:12","guid":{"rendered":"https:\/\/grupos.uepb.edu.br\/gpteca\/?page_id=279"},"modified":"2026-01-19T11:34:12","modified_gmt":"2026-01-19T14:34:12","slug":"links","status":"publish","type":"page","link":"https:\/\/grupos.uepb.edu.br\/gpteca\/links\/","title":{"rendered":"Links"},"content":{"rendered":"<div class=\"wpb-content-wrapper\"><p>[vc_row][vc_column width=&#8221;1\/2&#8243;][vc_text_separator title=&#8221;JIF 2024&#8243; i_icon_fontawesome=&#8221;fa fa-solid fa-chart-simple&#8221; i_color=&#8221;custom&#8221; i_size=&#8221;sm&#8221; title_align=&#8221;separator_align_left&#8221; color=&#8221;custom&#8221; css=&#8221;&#8221; add_icon=&#8221;true&#8221; i_custom_color=&#8221;#DD3333&#8243; accent_color=&#8221;#DD3333&#8243;][vc_column_text css=&#8221;&#8221;]<\/p>\n<div class=\"bg-gray-900 text-gray-200 rounded-xl p-5 shadow-lg\" style=\"text-align: justify\">\n<h6 class=\"text-lg font-semibold text-white mb-2\" style=\"text-align: justify\">\ud83d\udcc8 Peri\u00f3dicos com JIF (<em>Journal Impact Factor<\/em>) entre 0,5 e 2,0<\/h6>\n<ul style=\"text-align: justify\">\n<li style=\"margin-bottom: 10px\">\u00c1reas: Ci\u00eancias Ambientais, Engenharia Mec\u00e2nica e Engenharia Civil<\/li>\n<li style=\"margin-bottom: 10px\">Atualizado em 10\/11\/2025<\/li>\n<li style=\"margin-bottom: 10px\"><a class=\"inline-block mt-3 bg-blue-600 text-white px-3 py-1 rounded-md text-sm hover:bg-blue-700 transition\" href=\"https:\/\/docs.google.com\/spreadsheets\/d\/1j30CexdzrQaBhoKTjbMdNNeBqSKse5Bp\/edit?usp=sharing&amp;ouid=114360094642139298798&amp;rtpof=true&amp;sd=true\" target=\"_blank\" rel=\"noopener\">Ver lista completa<br \/>\n<\/a><\/li>\n<\/ul>\n<\/div>\n<p>[\/vc_column_text][\/vc_column][vc_column width=&#8221;1\/2&#8243; el_class=&#8221;conf-vermelho&#8221;][vc_text_separator title=&#8221;Engenharias I: Qualis 2021-2024&#8243; i_icon_fontawesome=&#8221;fa fa-solid fa-chart-simple&#8221; i_color=&#8221;custom&#8221; i_size=&#8221;sm&#8221; title_align=&#8221;separator_align_left&#8221; color=&#8221;custom&#8221; css=&#8221;&#8221; add_icon=&#8221;true&#8221; i_custom_color=&#8221;#DD3333&#8243; accent_color=&#8221;#DD3333&#8243;][vc_column_text css=&#8221;&#8221;]<\/p>\n<div class=\"bg-gray-900 text-gray-200 rounded-xl p-5 shadow-lg\" style=\"text-align: justify\">\n<ul>\n<li><a class=\"inline-block mt-3 bg-blue-600 text-white px-3 py-1 rounded-md text-sm hover:bg-blue-700 transition\" href=\"https:\/\/docs.google.com\/spreadsheets\/d\/1aemgYklUaN8C_2HvtzK1-V8L5veM0kaVW6x4JB9g8TM\/edit?usp=sharing\" target=\"_blank\" rel=\"noopener\">Ver lista completa<br \/>\n<\/a><\/li>\n<\/ul>\n<\/div>\n<p>[\/vc_column_text][\/vc_column][\/vc_row]<\/p>\n<\/div>","protected":false},"excerpt":{"rendered":"<p>[vc_row][vc_column width=&#8221;1\/2&#8243;][vc_text_separator title=&#8221;JIF 2024&#8243; i_icon_fontawesome=&#8221;fa fa-solid fa-chart-simple&#8221; i_color=&#8221;custom&#8221; i_size=&#8221;sm&#8221; title_align=&#8221;separator_align_left&#8221; color=&#8221;custom&#8221; css=&#8221;&#8221; add_icon=&#8221;true&#8221; i_custom_color=&#8221;#DD3333&#8243; accent_color=&#8221;#DD3333&#8243;][vc_column_text css=&#8221;&#8221;] \ud83d\udcc8 Peri\u00f3dicos com JIF (Journal Impact Factor) entre 0,5 e 2,0 \u00c1reas: Ci\u00eancias Ambientais, Engenharia Mec\u00e2nica e Engenharia Civil Atualizado em 10\/11\/2025 Ver lista completa [\/vc_column_text][\/vc_column][vc_column width=&#8221;1\/2&#8243; el_class=&#8221;conf-vermelho&#8221;][vc_text_separator title=&#8221;Engenharias I: Qualis 2021-2024&#8243; i_icon_fontawesome=&#8221;fa fa-solid fa-chart-simple&#8221; i_color=&#8221;custom&#8221; i_size=&#8221;sm&#8221; title_align=&#8221;separator_align_left&#8221; color=&#8221;custom&#8221; <a class=\"leiamais\" href=\"https:\/\/grupos.uepb.edu.br\/gpteca\/links\/\">Leia Mais&#8230;<\/a><\/p>\n","protected":false},"author":11,"featured_media":0,"parent":0,"menu_order":0,"comment_status":"closed","ping_status":"closed","template":"","meta":{"footnotes":""},"class_list":["post-279","page","type-page","status-publish","hentry"],"_links":{"self":[{"href":"https:\/\/grupos.uepb.edu.br\/gpteca\/wp-json\/wp\/v2\/pages\/279","targetHints":{"allow":["GET"]}}],"collection":[{"href":"https:\/\/grupos.uepb.edu.br\/gpteca\/wp-json\/wp\/v2\/pages"}],"about":[{"href":"https:\/\/grupos.uepb.edu.br\/gpteca\/wp-json\/wp\/v2\/types\/page"}],"author":[{"embeddable":true,"href":"https:\/\/grupos.uepb.edu.br\/gpteca\/wp-json\/wp\/v2\/users\/11"}],"replies":[{"embeddable":true,"href":"https:\/\/grupos.uepb.edu.br\/gpteca\/wp-json\/wp\/v2\/comments?post=279"}],"version-history":[{"count":14,"href":"https:\/\/grupos.uepb.edu.br\/gpteca\/wp-json\/wp\/v2\/pages\/279\/revisions"}],"predecessor-version":[{"id":316,"href":"https:\/\/grupos.uepb.edu.br\/gpteca\/wp-json\/wp\/v2\/pages\/279\/revisions\/316"}],"wp:attachment":[{"href":"https:\/\/grupos.uepb.edu.br\/gpteca\/wp-json\/wp\/v2\/media?parent=279"}],"curies":[{"name":"wp","href":"https:\/\/api.w.org\/{rel}","templated":true}]}}