{"id":23,"date":"2025-10-28T10:17:25","date_gmt":"2025-10-28T13:17:25","guid":{"rendered":"https:\/\/grupos.uepb.edu.br\/gpteca\/?page_id=23"},"modified":"2025-11-02T01:33:04","modified_gmt":"2025-11-02T04:33:04","slug":"linhas-de-pesquisa","status":"publish","type":"page","link":"https:\/\/grupos.uepb.edu.br\/gpteca\/linhas-de-pesquisa\/","title":{"rendered":"Linhas de Pesquisa"},"content":{"rendered":"<div class=\"wpb-content-wrapper\"><p>[vc_row][vc_column width=&#8221;1\/2&#8243;][vc_tta_accordion style=&#8221;modern&#8221; shape=&#8221;square&#8221; c_icon=&#8221;triangle&#8221; active_section=&#8221;&#8221; collapsible_all=&#8221;true&#8221;][vc_tta_section title=&#8221;Tratamento de Res\u00edduos S\u00f3lidos e L\u00edquidos&#8221; tab_id=&#8221;1761971172498-00a9a172-636f&#8221;][vc_column_text css=&#8221;&#8221;]<\/p>\n<p class=\"font_8 wixui-rich-text__text\" style=\"text-align: justify;\"><span class=\"color_11 wixui-rich-text__text\">As atividades humanas geram in\u00fameros subprodutos que, de forma inadequada, s\u00e3o inutilizados e conhecidos como res\u00edduos. Entretanto, quando gerenciados corretamente, muitos desses materiais podem ser reutilizados, convertendo-se em recursos para a produ\u00e7\u00e3o industrial e gera\u00e7\u00e3o de energia.<\/span><\/p>\n<p class=\"font_8 wixui-rich-text__text\" style=\"text-align: justify;\"><span class=\"color_11 wixui-rich-text__text\">Assim, considerando a utiliza\u00e7\u00e3o de princ\u00edpios de planejamento e o avan\u00e7o tecnol\u00f3gico dos tratamentos de res\u00edduos, esta linha de pesquisa tem como objetivo apresentar informa\u00e7\u00f5es b\u00e1sicas acerca das diversas a\u00e7\u00f5es que comp\u00f5em o gerenciamento adequado dos res\u00edduos s\u00f3lidos e l\u00edquidos, abrangendo os diversos m\u00e9todos de tratamento e destino final, utilizando como pressupostos a redu\u00e7\u00e3o da gera\u00e7\u00e3o na fonte e o reaproveitamento. No que diz respeito aos res\u00edduos s\u00f3lidos, essa linha de pesquisa, ir\u00e1 trabalhar na aplica\u00e7\u00e3o e inova\u00e7\u00e3o dos diversos tipos de tratamento consolidados, onde na \u00e1rea de destina\u00e7\u00e3o final com os princ\u00edpios da geotecnia ambiental no controle e monitoramento da gera\u00e7\u00e3o de l\u00edquidos e gases, ainda prop\u00f5e alternativas de aproveitamento de res\u00edduos industriais, visando a sua estabiliza\u00e7\u00e3o ou solidifica\u00e7\u00e3o em materiais aglomerantes (argamassas e concreto), evitando a percola\u00e7\u00e3o de componentes t\u00f3xicos ao ambiente, permitindo o desenvolvimento t\u00e9cnico-cient\u00edfico, econ\u00f4mico e ambiental de atividades industriais importantes na regi\u00e3o.<\/span><\/p>\n<p class=\"font_8 wixui-rich-text__text\" style=\"text-align: justify;\"><span class=\"color_11 wixui-rich-text__text\">No que concerne ao tratamento de res\u00edduos l\u00edquidos (\u00e1guas residu\u00e1rias), essa linha trata do aprofundamento no entendimento dos processos biol\u00f3gicos considerando o conhecimento dos processos de degrada\u00e7\u00e3o de compostos, de f\u00e1cil ou de dif\u00edcil remo\u00e7\u00e3o por vias biol\u00f3gicas. Os principais aspectos a serem abordados s\u00e3o: tratamento de efluentes dom\u00e9sticos e industriais; vias metab\u00f3licas e microrganismos envolvidos nos processos de degrada\u00e7\u00e3o de compostos; aspectos tecnol\u00f3gicos; partida e monitoramento de sistemas em escalas de laborat\u00f3rio, piloto e real e qualidade das \u00e1guas de forma geral.<\/span><\/p>\n<p>[\/vc_column_text][vc_single_image image=&#8221;205&#8243; img_size=&#8221;full&#8221; onclick=&#8221;custom_link&#8221; img_link_target=&#8221;_blank&#8221; css=&#8221;&#8221; link=&#8221;https:\/\/www.resiclean.com.br\/tratamento-residuos\/&#8221;][\/vc_tta_section][vc_tta_section title=&#8221;Qualidade e Quantidade de \u00c1guas Superficiais e Subterr\u00e2neas&#8221; tab_id=&#8221;1761971172498-6cc5ed92-02dc&#8221;][vc_column_text css=&#8221;&#8221;]<\/p>\n<p class=\"font_8 wixui-rich-text__text\" style=\"text-align: justify;\"><span class=\"color_11 wixui-rich-text__text\">Esta linha de pesquisa \u00e9 voltada para a avalia\u00e7\u00e3o da qualidade das \u00e1guas utilizada em processos industriais ou abastecimento humano na regi\u00e3o (cidade de Caruaru e seu entorno), que possui caracter\u00edsticas marcantes de m\u00e1 distribui\u00e7\u00e3o sazonal e regional dos recursos h\u00eddricos e grande aporte de efluentes industriais sobre os mananciais locais, da\u00ed faz-se necess\u00e1rio avan\u00e7ar no conhecimento da qualidade das \u00e1guas consumidas pela popula\u00e7\u00e3o e ind\u00fastrias.<\/span><\/p>\n<p class=\"font_8 wixui-rich-text__text\" style=\"text-align: justify;\"><span class=\"color_11 wixui-rich-text__text\">Al\u00e9m disso, objetiva-se estudar o uso sustent\u00e1vel da \u00e1gua para mitigar os impactos em consequ\u00eancia da retirada excessiva, como: po\u00e7os com demanda superior \u00e0 disponibilidade do reservat\u00f3rio subterr\u00e2neo e subsid\u00eancia do solo pela explota\u00e7\u00e3o de \u00e1gua. Al\u00e9m de estudar a qualidade deve-se analisar a quantidade, pois esta \u00e9 um dos fatores que influ\u00eancia a qualidade dos cursos d\u2019\u00e1gua.<\/span><\/p>\n<p class=\"font_8 wixui-rich-text__text\" style=\"text-align: justify;\"><span class=\"color_11 wixui-rich-text__text\">A quantidade de \u00e1gua est\u00e1 intrinsecamente ligada aos processos hidrol\u00f3gicos ocorridos nas bacias hidrogr\u00e1ficas, tais como a evapotranspira\u00e7\u00e3o, escoamento superficial e infiltra\u00e7\u00e3o. A caracteriza\u00e7\u00e3o dos processos hidrol\u00f3gicos descreve o comportamento das \u00e1guas superficiais e subterr\u00e2neas para compreender a quantidade e qualidade.<\/span><\/p>\n<p>[\/vc_column_text][vc_single_image image=&#8221;206&#8243; img_size=&#8221;full&#8221; alignment=&#8221;center&#8221; onclick=&#8221;custom_link&#8221; img_link_target=&#8221;_blank&#8221; css=&#8221;&#8221; link=&#8221;https:\/\/analisedeaguarj.com.br\/analise-de-agua-em-rio-de-janeiro-rj\/&#8221;][\/vc_tta_section][vc_tta_section title=&#8221;Desenvolvimento do Semi\u00e1rido&#8221; tab_id=&#8221;1761971319563-94d52912-baf6&#8243;][vc_column_text css=&#8221;&#8221;]<\/p>\n<p class=\"font_8 wixui-rich-text__text\" style=\"text-align: justify;\"><span class=\"color_11 wixui-rich-text__text\">A regi\u00e3o de clima semi\u00e1rido se caracteriza, de forma geral, por baixos n\u00edveis de poder aquisitivo e educacional, oferta deficit\u00e1ria dos servi\u00e7os de sa\u00fade, prec\u00e1rias condi\u00e7\u00f5es de habita\u00e7\u00e3o e defici\u00eancia nos servi\u00e7os de saneamento b\u00e1sico (abastecimento de \u00e1gua, esgotamento sanit\u00e1rio, limpeza urbana, drenagem urbana, manejos de res\u00edduos s\u00f3lidos e de \u00e1guas pluviais).<\/span><\/p>\n<p class=\"font_8 wixui-rich-text__text\" style=\"text-align: justify;\"><span class=\"color_11 wixui-rich-text__text\">Neste contexto, esta linha de pesquisa se dedica ao estudo dos problemas locais de enfoque ambiental buscando o desenvolvimento e\/ou a aplica\u00e7\u00e3o de tecnologias e alternativas para mitiga\u00e7\u00e3o desses problemas.<\/span><\/p>\n<p>[\/vc_column_text][vc_single_image image=&#8221;207&#8243; img_size=&#8221;full&#8221; alignment=&#8221;center&#8221; onclick=&#8221;custom_link&#8221; img_link_target=&#8221;_blank&#8221; css=&#8221;&#8221; link=&#8221;https:\/\/brasilescola.uol.com.br\/brasil\/caatinga.htm&#8221;][\/vc_tta_section][vc_tta_section title=&#8221;Escoamento Superficial e Eros\u00e3o do Solo&#8221; tab_id=&#8221;1761971355978-df2136eb-67d2&#8243;][vc_column_text css=&#8221;&#8221;]<\/p>\n<p class=\"font_8 wixui-rich-text__text\" style=\"text-align: justify;\"><span class=\"color_11 wixui-rich-text__text\">A regi\u00e3o semi\u00e1rida se caracteriza por baixos \u00edndices pluviom\u00e9tricos, por\u00e9m com intensa produ\u00e7\u00e3o de sedimentos devido as condi\u00e7\u00f5es naturais dos solos e por atividades antr\u00f3picas locais. Da mesma forma, nas \u00e1reas urbanas onde uma maior concentra\u00e7\u00e3o da popula\u00e7\u00e3o se encontra, diversos problemas s\u00e3o causados pelas precipita\u00e7\u00f5es em virtude do escoamento superficial e das atividades humanas nas bacias hidrogr\u00e1ficas, como o fator de impermeabiliza\u00e7\u00e3o dos solos, etc.<\/span><\/p>\n<p class=\"font_8 wixui-rich-text__text\" style=\"text-align: justify;\"><span class=\"color_11 wixui-rich-text__text\">Essa \u00e1rea de estudo visa fortalecer o conhecimento dos problemas gerados pelo escoamento superficial e a quantifica\u00e7\u00e3o dos sedimentos produzidos e virtude das precipita\u00e7\u00f5es ocorridas e das caracter\u00edsticas f\u00edsicas do solo nas \u00e1reas rurais, como tamb\u00e9m, analisar as caracter\u00edsticas do escoamento nas \u00e1reas urbanas no estado aplicando m\u00e9todos de aumento do tempo de concentra\u00e7\u00e3o de forma a proteger a vida e os bens materiais do homem. Atrav\u00e9s de tecnologias como micro reservat\u00f3rios de deten\u00e7\u00e3o h\u00eddrica, pavimentos perme\u00e1veis, reservat\u00f3rios de deten\u00e7\u00e3o h\u00eddrica, teto verde, cortina de infiltra\u00e7\u00e3o, po\u00e7os de infiltra\u00e7\u00e3o, etc.<\/span><\/p>\n<p>[\/vc_column_text][vc_single_image image=&#8221;203&#8243; img_size=&#8221;full&#8221; alignment=&#8221;center&#8221; onclick=&#8221;custom_link&#8221; img_link_target=&#8221;_blank&#8221; css=&#8221;&#8221; link=&#8221;https:\/\/123ecos.com.br\/docs\/degradacao-do-solo\/&#8221;][\/vc_tta_section][vc_tta_section title=&#8221;Fluxo em Meios Porosos&#8221; tab_id=&#8221;1761971370447-e5960f4e-87ce&#8221;][vc_column_text css=&#8221;&#8221;]<\/p>\n<p class=\"font_8 wixui-rich-text__text\" style=\"text-align: justify;\"><span class=\"color_11 wixui-rich-text__text\">O conhecimento sobre as caracter\u00edsticas de infiltra\u00e7\u00e3o de \u00e1gua nos solos s\u00e3o totalmente interligados aos processos de armazenamento de res\u00edduos em aterros sanit\u00e1rios, como tamb\u00e9m nos estudos de infiltra\u00e7\u00e3o de \u00e1guas em \u00e1reas rurais e urbanas.<\/span><\/p>\n<p class=\"font_8 wixui-rich-text__text\" style=\"text-align: justify;\"><span class=\"color_11 wixui-rich-text__text\">Essa \u00e1rea visa aplicar t\u00e9cnicas de modelagem matem\u00e1tica e f\u00edsica para diagnosticar e caracterizar a quantidade de \u00e1gua existente nos solos e as caracter\u00edsticas f\u00edsicas dos solos. E diante disso, estudar \u00e1reas no interior do estado que possam acumular \u00e1gua no subsolo, facilitando assim o abastecimento de \u00e1gua para a popula\u00e7\u00e3o.<\/span><\/p>\n<p>[\/vc_column_text][vc_single_image image=&#8221;211&#8243; img_size=&#8221;full&#8221; alignment=&#8221;center&#8221; onclick=&#8221;custom_link&#8221; img_link_target=&#8221;_blank&#8221; css=&#8221;&#8221; link=&#8221;https:\/\/www.guiadaengenharia.com\/agua-solo-influencia\/&#8221;][\/vc_tta_section][vc_tta_section title=&#8221;Materiais Alternativos para Constru\u00e7\u00e3o Civil&#8221; tab_id=&#8221;1761971387150-a5d5476c-9c42&#8243;][vc_column_text css=&#8221;&#8221;]<\/p>\n<p class=\"font_8 wixui-rich-text__text\" style=\"text-align: justify;\"><span class=\"color_11 wixui-rich-text__text\">Atrav\u00e9s dos estudos dos res\u00edduos s\u00f3lidos pode-se observar uma gama de materiais que podem ser reaproveitados e incorporados para produ\u00e7\u00e3o de materiais para constru\u00e7\u00e3o civil, seja um concreto, uma argamassa, um asfalto, etc.<\/span><\/p>\n<p class=\"font_8 wixui-rich-text__text\" style=\"text-align: justify;\"><span class=\"color_11 wixui-rich-text__text\">Diante disso, essa \u00e1rea de pesquisa tente a realiza\u00e7\u00e3o de pesquisas com incorpora\u00e7\u00e3o de res\u00edduos s\u00f3lidos urbanos ou res\u00edduos industriais como parte do material a ser constru\u00eddo, sendo analisado atrav\u00e9s das normas t\u00e9cnicas em vigor e patenteados.<\/span><\/p>\n<p>[\/vc_column_text][vc_single_image image=&#8221;204&#8243; img_size=&#8221;full&#8221; alignment=&#8221;center&#8221; onclick=&#8221;custom_link&#8221; img_link_target=&#8221;_blank&#8221; css=&#8221;&#8221; link=&#8221;https:\/\/revistaoe.com.br\/asfalto-com-plastico-reciclado-e-rap-eixo-sp\/&#8221;][\/vc_tta_section][\/vc_tta_accordion][\/vc_column][vc_column width=&#8221;1\/2&#8243;][vc_single_image image=&#8221;201&#8243; img_size=&#8221;full&#8221; alignment=&#8221;center&#8221; css=&#8221;&#8221;][\/vc_column][\/vc_row]<\/p>\n<\/div>","protected":false},"excerpt":{"rendered":"<p>[vc_row][vc_column width=&#8221;1\/2&#8243;][vc_tta_accordion style=&#8221;modern&#8221; shape=&#8221;square&#8221; c_icon=&#8221;triangle&#8221; active_section=&#8221;&#8221; collapsible_all=&#8221;true&#8221;][vc_tta_section title=&#8221;Tratamento de Res\u00edduos S\u00f3lidos e L\u00edquidos&#8221; tab_id=&#8221;1761971172498-00a9a172-636f&#8221;][vc_column_text css=&#8221;&#8221;] As atividades humanas geram in\u00fameros subprodutos que, de forma inadequada, s\u00e3o inutilizados e conhecidos como res\u00edduos. Entretanto, quando gerenciados corretamente, muitos desses materiais podem ser reutilizados, convertendo-se em recursos para a produ\u00e7\u00e3o industrial e gera\u00e7\u00e3o de energia. Assim, considerando a <a class=\"leiamais\" href=\"https:\/\/grupos.uepb.edu.br\/gpteca\/linhas-de-pesquisa\/\">Leia Mais&#8230;<\/a><\/p>\n","protected":false},"author":11,"featured_media":0,"parent":0,"menu_order":0,"comment_status":"closed","ping_status":"closed","template":"","meta":{"footnotes":""},"class_list":["post-23","page","type-page","status-publish","hentry"],"_links":{"self":[{"href":"https:\/\/grupos.uepb.edu.br\/gpteca\/wp-json\/wp\/v2\/pages\/23","targetHints":{"allow":["GET"]}}],"collection":[{"href":"https:\/\/grupos.uepb.edu.br\/gpteca\/wp-json\/wp\/v2\/pages"}],"about":[{"href":"https:\/\/grupos.uepb.edu.br\/gpteca\/wp-json\/wp\/v2\/types\/page"}],"author":[{"embeddable":true,"href":"https:\/\/grupos.uepb.edu.br\/gpteca\/wp-json\/wp\/v2\/users\/11"}],"replies":[{"embeddable":true,"href":"https:\/\/grupos.uepb.edu.br\/gpteca\/wp-json\/wp\/v2\/comments?post=23"}],"version-history":[{"count":10,"href":"https:\/\/grupos.uepb.edu.br\/gpteca\/wp-json\/wp\/v2\/pages\/23\/revisions"}],"predecessor-version":[{"id":214,"href":"https:\/\/grupos.uepb.edu.br\/gpteca\/wp-json\/wp\/v2\/pages\/23\/revisions\/214"}],"wp:attachment":[{"href":"https:\/\/grupos.uepb.edu.br\/gpteca\/wp-json\/wp\/v2\/media?parent=23"}],"curies":[{"name":"wp","href":"https:\/\/api.w.org\/{rel}","templated":true}]}}