{"id":11,"date":"2025-10-28T09:11:08","date_gmt":"2025-10-28T12:11:08","guid":{"rendered":"https:\/\/grupos.uepb.edu.br\/gpteca\/?page_id=11"},"modified":"2025-11-02T00:52:47","modified_gmt":"2025-11-02T03:52:47","slug":"sobre","status":"publish","type":"page","link":"https:\/\/grupos.uepb.edu.br\/gpteca\/sobre\/","title":{"rendered":"Sobre"},"content":{"rendered":"<div class=\"wpb-content-wrapper\"><p>[vc_row][vc_column width=&#8221;1\/2&#8243;][vc_column_text css=&#8221;&#8221;]<\/p>\n<p class=\"font_8 wixui-rich-text__text\" style=\"text-align: justify;\"><span class=\"color_11 wixui-rich-text__text\">O Grupo de Pesquisa em Tecnologia Ambiental da Universidade Estadual da Para\u00edba (GPTecA \/ UEPB) tem como objetivo estudar de forma eficiente, ou seja, de forma racional e econ\u00f4mica, o uso adequado do Ambiente, seja ele Rural ou Urbano, al\u00e9m dos res\u00edduos (l\u00edquidos e s\u00f3lidos\/urbanos ou industriais) produzidos pelo homem<\/span>.<\/p>\n<p>[\/vc_column_text][vc_text_separator title=&#8221;O que fazemos?&#8221; i_icon_fontawesome=&#8221;fa fa-solid fa-clipboard-question&#8221; i_color=&#8221;custom&#8221; title_align=&#8221;separator_align_left&#8221; color=&#8221;custom&#8221; css=&#8221;&#8221; add_icon=&#8221;true&#8221; i_custom_color=&#8221;#DD3333&#8243; accent_color=&#8221;#DD3333&#8243;][vc_column_text css=&#8221;&#8221;]<\/p>\n<p style=\"text-align: justify\"><span class=\"color_11 wixui-rich-text__text\">O GPTecA \/ UEPB usa tecnologias eficientes j\u00e1 descritas em normas t\u00e9cnicas e em bibliografias nacionais e internacionais para caracteriza\u00e7\u00e3o, tratamento e destina\u00e7\u00e3o ambientalmente adequada dos res\u00edduos s\u00f3lidos e l\u00edquidos, bem como, implementar novas tecnologias ao estudo do escoamento superficial em \u00e1reas rurais e urbanas, aplica\u00e7\u00e3o de modelagem matem\u00e1tica e f\u00edsica de processos que governam o escoamento e a eros\u00e3o do solo, dos fen\u00f4menos f\u00edsicos que norteiam a infiltra\u00e7\u00e3o de \u00e1gua e gases nos solos, como tamb\u00e9m o uso do solo como meio filtrante.<\/span><\/p>\n<div id=\"comp-izpdntdl\" class=\"Z_l5lU MMl86N zQ9jDz qvSjx3 Vq6kJx comp-izpdntdl wixui-rich-text\" data-testid=\"richTextElement\">\n<p class=\"font_8 wixui-rich-text__text\" style=\"text-align: justify\"><span class=\"color_11 wixui-rich-text__text\">Da mesma forma, a utiliza\u00e7\u00e3o de novas tecnologias, aliadas ao conhecimento local, popular e de estudos efetivamente implementados, propiciar\u00e1 o desenvolvimento da pesquisa na UEPB e a possibilidade de reprodu\u00e7\u00e3o em escala real.<\/span><\/p>\n<\/div>\n<p>[\/vc_column_text][\/vc_column][vc_column width=&#8221;1\/2&#8243;][vc_single_image image=&#8221;196&#8243; img_size=&#8221;full&#8221; alignment=&#8221;right&#8221; css=&#8221;&#8221;][\/vc_column][\/vc_row]<\/p>\n<\/div>","protected":false},"excerpt":{"rendered":"<p>[vc_row][vc_column width=&#8221;1\/2&#8243;][vc_column_text css=&#8221;&#8221;] O Grupo de Pesquisa em Tecnologia Ambiental da Universidade Estadual da Para\u00edba (GPTecA \/ UEPB) tem como objetivo estudar de forma eficiente, ou seja, de forma racional e econ\u00f4mica, o uso adequado do Ambiente, seja ele Rural ou Urbano, al\u00e9m dos res\u00edduos (l\u00edquidos e s\u00f3lidos\/urbanos ou industriais) produzidos pelo homem. [\/vc_column_text][vc_text_separator title=&#8221;O <a class=\"leiamais\" href=\"https:\/\/grupos.uepb.edu.br\/gpteca\/sobre\/\">Leia Mais&#8230;<\/a><\/p>\n","protected":false},"author":3,"featured_media":0,"parent":0,"menu_order":0,"comment_status":"closed","ping_status":"closed","template":"","meta":{"footnotes":""},"class_list":["post-11","page","type-page","status-publish","hentry"],"_links":{"self":[{"href":"https:\/\/grupos.uepb.edu.br\/gpteca\/wp-json\/wp\/v2\/pages\/11","targetHints":{"allow":["GET"]}}],"collection":[{"href":"https:\/\/grupos.uepb.edu.br\/gpteca\/wp-json\/wp\/v2\/pages"}],"about":[{"href":"https:\/\/grupos.uepb.edu.br\/gpteca\/wp-json\/wp\/v2\/types\/page"}],"author":[{"embeddable":true,"href":"https:\/\/grupos.uepb.edu.br\/gpteca\/wp-json\/wp\/v2\/users\/3"}],"replies":[{"embeddable":true,"href":"https:\/\/grupos.uepb.edu.br\/gpteca\/wp-json\/wp\/v2\/comments?post=11"}],"version-history":[{"count":11,"href":"https:\/\/grupos.uepb.edu.br\/gpteca\/wp-json\/wp\/v2\/pages\/11\/revisions"}],"predecessor-version":[{"id":198,"href":"https:\/\/grupos.uepb.edu.br\/gpteca\/wp-json\/wp\/v2\/pages\/11\/revisions\/198"}],"wp:attachment":[{"href":"https:\/\/grupos.uepb.edu.br\/gpteca\/wp-json\/wp\/v2\/media?parent=11"}],"curies":[{"name":"wp","href":"https:\/\/api.w.org\/{rel}","templated":true}]}}