{"id":91,"date":"2014-12-16T19:25:12","date_gmt":"2014-12-16T19:25:12","guid":{"rendered":"http:\/\/sites.uepb.edu.br\/gprpem\/?page_id=91"},"modified":"2024-08-19T13:46:15","modified_gmt":"2024-08-19T16:46:15","slug":"artigos","status":"publish","type":"page","link":"https:\/\/grupos.uepb.edu.br\/gprpem\/artigos\/","title":{"rendered":"Artigos"},"content":{"rendered":"<div class=\"wpb-content-wrapper\"><p>[vc_row][vc_column][vc_column_text css=&#8221;.vc_custom_1724085582483{margin-top: 30px !important;margin-bottom: 30px !important;}&#8221;]<\/p>\n<p><strong>Artigos GPRPEM<\/strong><\/p>\n<p>[\/vc_column_text][vc_tta_tabs][vc_tta_section title=&#8221;2024&#8243; tab_id=&#8221;1724085004793-bb1c8eab-600e&#8221;][vc_column_text css=&#8221;.vc_custom_1724085196590{margin-top: 20px !important;}&#8221;]<\/p>\n<p><strong>Pr\u00e1tica Reflexiva do Futuro Professor de Matem\u00e1tica na Resid\u00eancia Pedag\u00f3gica<\/strong><br \/>\nPor: Roger Ruben Huaman Huanca<br \/>\nBaixar artigo em pdf<\/p>\n<p><strong>Explorando a Inclus\u00e3o Escolar de Alunos com Transtorno do Espectro Autista Atrav\u00e9s da Tecnologia: Uma An\u00e1lise dos Trabalhos de Conclus\u00e3o de Curso de uma Universidade Paraibana<\/strong><br \/>\nPor: Wanessa Silva Fernandes e Roger Ruben Huaman Huanca<br \/>\nBaixar artigo em pdf<\/p>\n<p><strong>Utiliza\u00e7\u00e3o de Estrat\u00e9gias Pedag\u00f3gicas al\u00e9m da Inclus\u00e3o no Ensino de \u00c1lgebra: Balan\u00e7a de dois pratos e Roleta Alg\u00e9brica<\/strong><br \/>\nPor: Delmira Meireles de Andrade Rom\u00e3o e Roger Ruben Huaman Huanca<br \/>\nBaixar artigo em pdf<\/p>\n<p><strong>Desvendando a Discalculia: Uma Revis\u00e3o Bibliogr\u00e1fica sobre o Papel das Tecnologias de Informa\u00e7\u00e3o e Comunica\u00e7\u00e3o no Processo de Ensino e Aprendizagem<\/strong><br \/>\nPor: Thamires Santos Andrade, Wanessa Silva Fernandes, Delmira Meireles de Andrade Rom\u00e3o e Roger Ruben Huaman Huanca<br \/>\nBaixar artigo em pdf<\/p>\n<p>[\/vc_column_text][\/vc_tta_section][vc_tta_section title=&#8221;2023&#8243; tab_id=&#8221;1724085004808-3fa9ce54-599b&#8221;][vc_column_text css=&#8221;.vc_custom_1724085220639{margin-top: 20px !important;}&#8221;]<\/p>\n<p><strong>A Resolu\u00e7\u00e3o de Problemas na Resid\u00eancia Pedag\u00f3gica e sua contribui\u00e7\u00e3o na Forma\u00e7\u00e3o Docente<\/strong><br \/>\nPor: Andreza Rayane Paulino da Silva e Roger Ruben Huaman Huanca<br \/>\nBaixar artigo em pdf<\/p>\n<p>[\/vc_column_text][\/vc_tta_section][vc_tta_section title=&#8221;2022&#8243; tab_id=&#8221;1724085230279-0de7f366-8868&#8243;][vc_column_text css=&#8221;.vc_custom_1724085278295{margin-top: 20px !important;}&#8221;]<\/p>\n<p><strong>Aprendizagem Matem\u00e1tica Colaborativa atrav\u00e9s da Resolu\u00e7\u00e3o de Problemas e Tecnologias Digitais<\/strong><br \/>\nPor: Roger Ruben Huaman Huanca e Ananias F\u00e9lix Da Silva<br \/>\nBaixar artigo em pdf<\/p>\n<p><strong>Po-Shen Loh, uma t\u00e9cnica \u00e0 luz da Resolu\u00e7\u00e3o de Problemas no Ensino-Aprendizagem da Equa\u00e7\u00e3o do 2\u00ba Grau<\/strong><br \/>\nPor: Renato Duarte Gomes e Roger Ruben Huaman Huanca<br \/>\nBaixar artigo em pdf<\/p>\n<p>[\/vc_column_text][\/vc_tta_section][vc_tta_section title=&#8221;2019&#8243; tab_id=&#8221;1724085239079-ba0520c8-3725&#8243;][vc_column_text css=&#8221;.vc_custom_1724085349935{margin-top: 20px !important;}&#8221;]<\/p>\n<p><strong>Resolu\u00e7\u00e3o de Problemas e Modeliza\u00e7\u00e3o Matem\u00e1tica na Sala de Aula<\/strong><br \/>\nPor: Roger Ruben Huaman Huanca e Marcos Ant\u00f4nio Petrucci de Assis<br \/>\nBaixar artigo em pdf<\/p>\n<p><strong>O trabalho colaborativo na forma\u00e7\u00e3o continuada de professores de Matem\u00e1tica: uma aproxima\u00e7\u00e3o entre Universidade e Escola B\u00e1sica<\/strong><br \/>\nPor: Marcos Ant\u00f4nio Petrucci de Assis e Roger Ruben Huaman Huanca<br \/>\nBaixar artigo em pdf<\/p>\n<p><strong>Uma investiga\u00e7\u00e3o sobre o conhecimento da \u00e1lgebra e a Resolu\u00e7\u00e3o de Problemas em anais de dois eventos<\/strong><br \/>\nPor: Beatriz Rodrigues de Almeida e Roger Ruben Huaman Huanca<br \/>\nBaixar artigo em pdf<\/p>\n<p><strong>O estudo de aula como mecanismo did\u00e1tico em Resid\u00eancia Pedag\u00f3gica<\/strong><br \/>\nPor: Jo\u00e3o Marcos Almeida Ferreira, Jos\u00e9 Emanuel Barbosa Alves, Mariana Almeida Ferreira e Roger Ruben Huaman Huanca<br \/>\nBaixar artigo em pdf<\/p>\n<p><strong>Pr\u00e1tica no Ensino de Matem\u00e1tica: resolu\u00e7\u00e3o e explora\u00e7\u00e3o de um problema com o C\u00e1lculo Diferencial<\/strong><br \/>\nPor: Diego Jonathan Bezerra Silva e Roger Huanca<br \/>\nBaixar artigo em pdf<\/p>\n<p><strong>A \u00e1lgebra e o seu ensino na atualidade: uma pesquisa do encantamento \u00e0 aprendizagem<\/strong><br \/>\nPor: Beatriz Rodrigues de Almeida e Roger Huanca<br \/>\nBaixar artigo em pdf<\/p>\n<p><strong>Modelagem Matem\u00e1tica: possibilidades para o ensino e aprendizagem do C\u00e1lculo Diferencial e Integral<\/strong><br \/>\nPor: Roger Huanca e Marta Beatriz Marinho de Melo<br \/>\nBaixar artigo em pdf<\/p>\n<p><strong>Saberes das rendeiras de Monteiro: um estudo no processo de ensino-aprendizagem de Geometria atrav\u00e9s da Etnomatem\u00e1tica<\/strong><br \/>\nPor: Roger Huanca e Caroline da Silva Melo<br \/>\nBaixar artigo em pdf<\/p>\n<p><strong>A Forma\u00e7\u00e3o do Professor de Matem\u00e1tica: an\u00e1lise de uma experi\u00eancia vivenciada por professores da cidade de Cajazeiras\/PB<\/strong><br \/>\nPor: Marcos Ant\u00f4nio Petrucci de Assis, Ros\u00e2ngela Pereira de Oliveira e Roger Ruben Huaman Huanca<br \/>\nBaixar artigo em pdf<\/p>\n<p><strong>O C\u00e1lculo envolvendo Fun\u00e7\u00f5es de V\u00e1rias Vari\u00e1veis: uma proposta de Ensino<\/strong><br \/>\nPor: Izaias N\u00e1rio da Silva e Roger Ruben Huaman Huanca<br \/>\nBaixar artigo em pdf<\/p>\n<p><strong>O problema do sitiante que relaciona o C\u00e1lculo com o conte\u00fado do Ensino B\u00e1sico<\/strong><br \/>\nPor: Diego Jonhathan Bezerra Silva e Roger Ruben Huaman Huanca<br \/>\nBaixar artigo em pdf<\/p>\n<p>[\/vc_column_text][\/vc_tta_section][vc_tta_section title=&#8221;2018&#8243; tab_id=&#8221;1724085238940-bf2ef5a4-d413&#8243;][vc_column_text css=&#8221;.vc_custom_1724085381370{margin-top: 20px !important;}&#8221;]<\/p>\n<p><strong>Grupo de Estudos e Resolu\u00e7\u00e3o de Problemas: Potencialidades para Forma\u00e7\u00e3o Continuada de Professores de Matem\u00e1tica<\/strong><br \/>\nPor: Roger Ruben Huaman Huanca e Marcos Ant\u00f4nio Petrucci de Assis<br \/>\nBaixar artigo em pdf<\/p>\n<p><strong>O Ensino e a Aprendizagem de Matem\u00e1tica atrav\u00e9s da Resolu\u00e7\u00e3o de Problemas na Sala de Aula: por qu\u00ea?<\/strong><br \/>\nPor: Roger Huanca e Beatriz Rodrigues de Almeida<br \/>\nBaixar artigo em pdf<\/p>\n<p>[\/vc_column_text][\/vc_tta_section][vc_tta_section title=&#8221;2017&#8243; tab_id=&#8221;1724085390757-b04e1908-cf5f&#8221;][vc_column_text css=&#8221;.vc_custom_1724085409050{margin-top: 20px !important;}&#8221;]<\/p>\n<p><strong>A Forma\u00e7\u00e3o Inicial do Professor: uma proposta no Ensino de Estat\u00edstica e Probabilidade<\/strong><br \/>\nPor: Patr\u00edcia Melo Rocha e Roger Huanca<br \/>\nBaixar artigo em pdf<\/p>\n<p><strong>A Resolu\u00e7\u00e3o de Problemas como Estrat\u00e9gia para Desenvolver a Criatividade, envolvendo um problema de Conjuntos<\/strong><br \/>\nPor: Beatriz Rodrigues de Almeida e Roger Huanca<br \/>\nBaixar artigo em pdf<\/p>\n<p>[\/vc_column_text][\/vc_tta_section][vc_tta_section title=&#8221;2016&#8243; tab_id=&#8221;1724085411002-96ee9d0b-ad1e&#8221;][vc_column_text css=&#8221;.vc_custom_1724085430599{margin-top: 20px !important;}&#8221;]<\/p>\n<p><strong>A Forma\u00e7\u00e3o Continuada do Professor de Matem\u00e1tica: explorando possibilidades atrav\u00e9s de Resolu\u00e7\u00e3o de Problemas<\/strong><br \/>\nPor Marcos Petrucci e Roger Huanca<br \/>\nBaixar artigo em pdf<\/p>\n<p>[\/vc_column_text][\/vc_tta_section][vc_tta_section title=&#8221;2015&#8243; tab_id=&#8221;1724085432487-a59e0d1f-8844&#8243;][vc_column_text css=&#8221;.vc_custom_1724085470115{margin-top: 20px !important;}&#8221;]<\/p>\n<p><strong>O Ensino de Estat\u00edstica na Forma\u00e7\u00e3o Inicial do Professor utilizando a Metodologia Resolu\u00e7\u00e3o de Problemas<\/strong><br \/>\nPor: Patr\u00edcia Melo Rocha e Roger Ruben Huaman Huanca<br \/>\nBaixar artigo em pdf<\/p>\n<p><strong>Modelagem Matem\u00e1tica e Experimenta\u00e7\u00e3o em Geometria<\/strong><br \/>\nPor: Th\u00e2mara Chaves Brasil e Roger Ruben Huaman Huanca<br \/>\nBaixar artigo em pdf<\/p>\n<p><strong>O Tangram como estrat\u00e9gia para desenvolver a Criatividade nas Aulas de Matem\u00e1tica<\/strong><br \/>\nPor: Janayna Estandeslau da Silva e Roger Ruben Huaman Huanca<br \/>\nBaixar artigo em pdf<\/p>\n<p><strong>Possibilidades de Ensino-Aprendizagem de Matem\u00e1tica a partir do conceito de Criptografia<\/strong><br \/>\nPor: Paula Maria Gomes da Silva e Roger Ruben Huaman Huanca<br \/>\nBaixar artigo em pdf<\/p>\n<p>[\/vc_column_text][\/vc_tta_section][vc_tta_section title=&#8221;2014&#8243; tab_id=&#8221;1724085474914-73b7a1e7-8b53&#8243;][vc_column_text css=&#8221;.vc_custom_1724085529156{margin-top: 20px !important;}&#8221;]<\/p>\n<p><strong>Uma Revolu\u00e7\u00e3o no campo da Forma\u00e7\u00e3o de Professores de Matem\u00e1tica<\/strong><br \/>\nPor: Roger Huanca e Lourdes de la Rosa Onuchic<br \/>\nBaixar artigo em pdf<\/p>\n<p><strong>O Ensino-Aprendizagem das express\u00f5es alg\u00e9bricas atrav\u00e9s da Resolu\u00e7\u00e3o de Problemas e do Algeplan<\/strong><br \/>\nPor: Patr\u00edcia Melo Rocha e Roger Ruben Huaman Huanca<br \/>\nBaixar artigo em pdf<\/p>\n<p><strong>A Modelagem Matem\u00e1tica no Contexto Social: uma proposta de ensino-aprendizagem da Matem\u00e1tica a partir de Modelos<\/strong><br \/>\nPor: R\u00f4nero M\u00e1rcio Cordeiro Domingos e Ruben Huaman Huanca<br \/>\nBaixar artigo em pdf<\/p>\n<p><strong>Conte\u00fado do Ensino M\u00e9dio atrav\u00e9s da Resolu\u00e7\u00e3o de Problemas: Abordagens por meio da Modeliza\u00e7\u00e3o Matem\u00e1tica<\/strong><br \/>\nPor: Roger Ruben Huaman Huanca<br \/>\nBaixar artigo em pdf<\/p>\n<p><strong>Ensino-Aprendizagem das raz\u00f5es trigonom\u00e9tricas numa abordagem da Resolu\u00e7\u00e3o de Problemas como Metodologia e promovendo reflex\u00f5es sobre a utiliza\u00e7\u00e3o de um teodolito \u2018modelo caseiro\u2019<\/strong><br \/>\nPor: Roger Ruben Huaman Huanca e Izailma Nunes de Lima<br \/>\nBaixar artigo em pdf<\/p>\n<p><strong>O Ensino e Aprendizagem de N\u00fameros e Opera\u00e7\u00f5es a partir da Resolu\u00e7\u00e3o de Problemas e a Representa\u00e7\u00e3o Concreta<\/strong><br \/>\nPor: Patr\u00edcia Melo Rocha e Roger Ruben Huaman Huanca<br \/>\nBaixar artigo em pdf<\/p>\n<p>[\/vc_column_text][\/vc_tta_section][\/vc_tta_tabs][vc_column_text css=&#8221;.vc_custom_1724085884435{margin-top: 60px !important;margin-bottom: 30px !important;}&#8221;]<strong>Artigos GTERP<\/strong>[\/vc_column_text][vc_separator][vc_column_text]<\/p>\n<p><strong>Ensino e Aprendizagem de Matem\u00e1tica Atrav\u00e9s da Resolu\u00e7\u00e3o de Problemas Como Pr\u00e1tica Sociointeracionista<\/strong><br \/>\nPor: Luiz Carlos Leal Junior e Lourdes de la Rosa Onuchic<br \/>\nBaixar artigo em pdf<\/p>\n<p><strong>A Resolu\u00e7\u00e3o de Problemas na Educa\u00e7\u00e3o Matem\u00e1tica: onde estamos? e para onde iremos?<\/strong><br \/>\nPor: Lourdes de la Rosa Onuchic<br \/>\nBaixar artigo em pdf<\/p>\n<p><strong>Pesquisa em Resolu\u00e7\u00e3o de Problemas: caminhos, avan\u00e7os e novas perspectivas<\/strong><br \/>\nPor: Lourdes de la Rosa Onuchic e Norma Suely Gomes Allevato<br \/>\nBaixar artigo em pdf<\/p>\n<p><strong>Interfaces entre as Tecnologias Digitais e a Resolu\u00e7\u00e3o de Problemas na perspectiva da Educa\u00e7\u00e3o Matem\u00e1tica<\/strong><br \/>\nPor: Adriana Richit<br \/>\nBaixar artigo em pdf<\/p>\n<p>[\/vc_column_text][vc_column_text css=&#8221;.vc_custom_1724085918632{margin-top: 60px !important;margin-bottom: 30px !important;}&#8221;]<strong>Artigos Internacionais<\/strong>[\/vc_column_text][vc_separator][vc_column_text]<strong>Resolver Problemas \u2013 Criando Solu\u00e7\u00f5es, vendo<\/strong><br \/>\nPor: Isabel Vale e Tereza Pimentel<br \/>\nBaixar artigo em pdf<\/p>\n<p><strong>Formulaci\u00f3n de Problemas \u2013 Avances y Desaf\u00edos en la Educaci\u00f3n Matem\u00e1tica<\/strong><br \/>\nPor: Uldarico Malaspina Jurado<br \/>\nBaixar artigo em pdf<\/p>\n<p><strong>The LieCal Project and Its Investigation of Problem-Solving Strategies as a Measure of Longitudinal Curricular Effects on Students\u2019 Learning<\/strong><br \/>\nPor: Jinfa Cai, Steven Silber, Stephen Hwang, Bikai Nie, John C. Moyer e Ning Wang<br \/>\nBaixar artigo em pdf[\/vc_column_text][\/vc_column][\/vc_row]<\/p>\n<\/div>","protected":false},"excerpt":{"rendered":"<p>[vc_row][vc_column][vc_column_text css=&#8221;.vc_custom_1724085582483{margin-top: 30px !important;margin-bottom: 30px !important;}&#8221;] Artigos GPRPEM [\/vc_column_text][vc_tta_tabs][vc_tta_section title=&#8221;2024&#8243; tab_id=&#8221;1724085004793-bb1c8eab-600e&#8221;][vc_column_text css=&#8221;.vc_custom_1724085196590{margin-top: 20px !important;}&#8221;] Pr\u00e1tica Reflexiva do Futuro Professor de Matem\u00e1tica na Resid\u00eancia Pedag\u00f3gica Por: Roger Ruben Huaman Huanca Baixar artigo em pdf Explorando a Inclus\u00e3o Escolar de Alunos com Transtorno do Espectro Autista Atrav\u00e9s da Tecnologia: Uma An\u00e1lise dos Trabalhos de Conclus\u00e3o de Curso <a class=\"leiamais\" href=\"https:\/\/grupos.uepb.edu.br\/gprpem\/artigos\/\">Leia Mais&#8230;<\/a><\/p>\n","protected":false},"author":1,"featured_media":0,"parent":0,"menu_order":0,"comment_status":"open","ping_status":"open","template":"","meta":{"footnotes":""},"class_list":["post-91","page","type-page","status-publish","hentry"],"_links":{"self":[{"href":"https:\/\/grupos.uepb.edu.br\/gprpem\/wp-json\/wp\/v2\/pages\/91","targetHints":{"allow":["GET"]}}],"collection":[{"href":"https:\/\/grupos.uepb.edu.br\/gprpem\/wp-json\/wp\/v2\/pages"}],"about":[{"href":"https:\/\/grupos.uepb.edu.br\/gprpem\/wp-json\/wp\/v2\/types\/page"}],"author":[{"embeddable":true,"href":"https:\/\/grupos.uepb.edu.br\/gprpem\/wp-json\/wp\/v2\/users\/1"}],"replies":[{"embeddable":true,"href":"https:\/\/grupos.uepb.edu.br\/gprpem\/wp-json\/wp\/v2\/comments?post=91"}],"version-history":[{"count":30,"href":"https:\/\/grupos.uepb.edu.br\/gprpem\/wp-json\/wp\/v2\/pages\/91\/revisions"}],"predecessor-version":[{"id":674,"href":"https:\/\/grupos.uepb.edu.br\/gprpem\/wp-json\/wp\/v2\/pages\/91\/revisions\/674"}],"wp:attachment":[{"href":"https:\/\/grupos.uepb.edu.br\/gprpem\/wp-json\/wp\/v2\/media?parent=91"}],"curies":[{"name":"wp","href":"https:\/\/api.w.org\/{rel}","templated":true}]}}