{"id":642,"date":"2024-08-19T10:48:54","date_gmt":"2024-08-19T13:48:54","guid":{"rendered":"https:\/\/grupos.uepb.edu.br\/gprpem\/?page_id=642"},"modified":"2024-08-19T19:41:16","modified_gmt":"2024-08-19T22:41:16","slug":"pagina-inicial","status":"publish","type":"page","link":"https:\/\/grupos.uepb.edu.br\/gprpem\/","title":{"rendered":"P\u00e1gina Inicial"},"content":{"rendered":"<div class=\"wpb-content-wrapper\"><p>[vc_row gap=&#8221;30&#8243;][vc_column width=&#8221;2\/3&#8243;][vc_text_separator title=&#8221;Not\u00edcias&#8221; i_icon_fontawesome=&#8221;fas fa-angle-double-right&#8221; i_color=&#8221;custom&#8221; title_align=&#8221;separator_align_left&#8221; add_icon=&#8221;true&#8221; i_custom_color=&#8221;#cc0000&#8243;]<div class=\"mdl-grid\"><div class=\"mdl-cell mdl-cell--6-col mdl-cell--6-col-tablet mdl-cell--12-col-phone bloco-noticias\"><div class=\"imagem-destaque-noticia\"><a href=\"https:\/\/grupos.uepb.edu.br\/gprpem\/2024\/08\/19\/xv-ciaem-conferencia-interamericana-de-educacao-matematica\/\"><img decoding=\"async\" src=\"https:\/\/grupos.uepb.edu.br\/gprpem\/wp-content\/uploads\/sites\/3\/2024\/08\/XV-CIAEM.jpg\" class=\"img-destaque-noticia img-responsive\" alt=\"XV CIAEM - Confer\u00eancia Interamericana de Educa\u00e7\u00e3o Matem\u00e1tica\" title=\"\"\/><\/a><\/div><div class=\"titulo-noticia-widget\"><a href=\"https:\/\/grupos.uepb.edu.br\/gprpem\/2024\/08\/19\/xv-ciaem-conferencia-interamericana-de-educacao-matematica\/\" class=\"vc_gitem-link\"><h3 class=\"titulo-destaque-noticia\">XV CIAEM - Confer\u00eancia Interamericana de Educa\u00e7\u00e3o Matem\u00e1tica<\/h3><\/a><\/div><\/div><div class=\"mdl-cell mdl-cell--6-col mdl-cell--6-col-tablet mdl-cell--12-col-phone bloco-noticias\"><div class=\"imagem-destaque-noticia\"><a href=\"https:\/\/grupos.uepb.edu.br\/gprpem\/2024\/08\/19\/v-cintedi-congresso-internacional-de-educacao-inclusiva\/\"><img decoding=\"async\" src=\"https:\/\/grupos.uepb.edu.br\/gprpem\/wp-content\/uploads\/sites\/3\/2024\/08\/Noticia-sobre-CINTEDI.jpeg\" class=\"img-destaque-noticia img-responsive\" alt=\"V CINTEDI - Congresso Internacional de Educa\u00e7\u00e3o Inclusiva\" title=\"\"\/><\/a><\/div><div class=\"titulo-noticia-widget\"><a href=\"https:\/\/grupos.uepb.edu.br\/gprpem\/2024\/08\/19\/v-cintedi-congresso-internacional-de-educacao-inclusiva\/\" class=\"vc_gitem-link\"><h3 class=\"titulo-destaque-noticia\">V CINTEDI - Congresso Internacional de Educa\u00e7\u00e3o Inclusiva<\/h3><\/a><\/div><\/div><\/div>[vc_empty_space]<div class=\"mdl-grid\"><div class=\"mdl-cell mdl-cell--6-col mdl-cell--6-col-tablet mdl-cell--12-col-phone bloco-noticias\"><div class=\"imagem-destaque-noticia\"><a href=\"https:\/\/grupos.uepb.edu.br\/gprpem\/2024\/08\/19\/grupo-de-pesquisa-em-resolucao-de-problemas-e-educacao-matematica-gprpem\/\"><img decoding=\"async\" src=\"https:\/\/grupos.uepb.edu.br\/gprpem\/wp-content\/uploads\/sites\/3\/2024\/08\/LOGO-GPRPEM-1-scaled.jpg\" class=\"img-destaque-noticia img-responsive\" alt=\"Grupo de Pesquisa em Resolu\u00e7\u00e3o de Problemas e Educa\u00e7\u00e3o Matem\u00e1tica - GPRPEM\" title=\"\"\/><\/a><\/div><div class=\"titulo-noticia-widget\"><a href=\"https:\/\/grupos.uepb.edu.br\/gprpem\/2024\/08\/19\/grupo-de-pesquisa-em-resolucao-de-problemas-e-educacao-matematica-gprpem\/\" class=\"vc_gitem-link\"><h3 class=\"titulo-destaque-noticia\">Grupo de Pesquisa em Resolu\u00e7\u00e3o de Problemas e Educa\u00e7\u00e3o Matem\u00e1tica - GPRPEM<\/h3><\/a><\/div><\/div><div class=\"mdl-cell mdl-cell--6-col mdl-cell--6-col-tablet mdl-cell--12-col-phone bloco-noticias\"><div class=\"imagem-destaque-noticia\"><a href=\"https:\/\/grupos.uepb.edu.br\/gprpem\/2024\/08\/19\/1o-eepem-encontro-de-ensino-e-pesquisa-em-educacao-matematica\/\"><img decoding=\"async\" src=\"https:\/\/grupos.uepb.edu.br\/gprpem\/wp-content\/uploads\/sites\/3\/2024\/08\/1o-EEPEM.jpeg\" class=\"img-destaque-noticia img-responsive\" alt=\"1\u00ba EEPEM - Encontro de Ensino e Pesquisa em Educa\u00e7\u00e3o Matem\u00e1tica\" title=\"\"\/><\/a><\/div><div class=\"titulo-noticia-widget\"><a href=\"https:\/\/grupos.uepb.edu.br\/gprpem\/2024\/08\/19\/1o-eepem-encontro-de-ensino-e-pesquisa-em-educacao-matematica\/\" class=\"vc_gitem-link\"><h3 class=\"titulo-destaque-noticia\">1\u00ba EEPEM - Encontro de Ensino e Pesquisa em Educa\u00e7\u00e3o Matem\u00e1tica<\/h3><\/a><\/div><\/div><\/div>[\/vc_column][vc_column width=&#8221;1\/3&#8243;][vc_text_separator title=&#8221;Links de interesse&#8221; i_icon_fontawesome=&#8221;fas fa-angle-double-right&#8221; i_color=&#8221;custom&#8221; title_align=&#8221;separator_align_left&#8221; add_icon=&#8221;true&#8221; i_custom_color=&#8221;#cc0000&#8243;][vc_btn title=&#8221;PPGECEM&#8221; shape=&#8221;square&#8221; color=&#8221;violet&#8221; size=&#8221;lg&#8221; align=&#8221;left&#8221; button_block=&#8221;true&#8221; link=&#8221;url:http%3A%2F%2Fpos-graduacao.uepb.edu.br%2Fppgecm%2F|target:_blank&#8221; css=&#8221;.vc_custom_1724088388765{margin-bottom: 5px !important;}&#8221;][vc_btn title=&#8221;SBM &#8211; Sociedade Brasileira de Matem\u00e1tica&#8221; shape=&#8221;square&#8221; color=&#8221;purple&#8221; size=&#8221;lg&#8221; align=&#8221;left&#8221; button_block=&#8221;true&#8221; link=&#8221;url:https%3A%2F%2Fwww.sbm.org.br%2F|target:_blank&#8221; css=&#8221;.vc_custom_1724088428139{margin-bottom: 5px !important;}&#8221;][vc_btn title=&#8221;SBEM \u2013 Sociedade Brasileira de Educa\u00e7\u00e3o Matem\u00e1tica&#8221; shape=&#8221;square&#8221; color=&#8221;blue&#8221; size=&#8221;lg&#8221; align=&#8221;left&#8221; button_block=&#8221;true&#8221; link=&#8221;url:http%3A%2F%2Fwww.sbem.com.br%2F|target:_blank&#8221; css=&#8221;.vc_custom_1724088490112{margin-bottom: 5px !important;}&#8221;][vc_btn title=&#8221;EBRAPEM&#8221; shape=&#8221;square&#8221; color=&#8221;primary&#8221; size=&#8221;lg&#8221; align=&#8221;left&#8221; button_block=&#8221;true&#8221; link=&#8221;url:http%3A%2F%2Fwww.ebrapem.com.br|target:_blank&#8221; css=&#8221;.vc_custom_1724088541215{margin-bottom: 5px !important;}&#8221;][vc_btn title=&#8221;CNPQ&#8221; shape=&#8221;square&#8221; color=&#8221;sky&#8221; size=&#8221;lg&#8221; align=&#8221;left&#8221; button_block=&#8221;true&#8221; link=&#8221;url:https%3A%2F%2Fwww.gov.br%2Fcnpq%2Fpt-br|target:_blank&#8221; css=&#8221;.vc_custom_1724088577720{margin-bottom: 5px !important;}&#8221;][vc_btn title=&#8221;Plataforma Lattes&#8221; shape=&#8221;square&#8221; color=&#8221;info&#8221; size=&#8221;lg&#8221; align=&#8221;left&#8221; button_block=&#8221;true&#8221; link=&#8221;url:https%3A%2F%2Flattes.cnpq.br%2F|target:_blank&#8221; css=&#8221;.vc_custom_1724088634386{margin-bottom: 5px !important;}&#8221;][vc_btn title=&#8221;CAPES&#8221; shape=&#8221;square&#8221; color=&#8221;peacoc&#8221; size=&#8221;lg&#8221; align=&#8221;left&#8221; button_block=&#8221;true&#8221; link=&#8221;url:https%3A%2F%2Fwww.gov.br%2Fcapes%2Fpt-br|target:_blank&#8221; css=&#8221;.vc_custom_1724088687305{margin-bottom: 5px !important;}&#8221;][vc_btn title=&#8221;Plataforma CAPES de Educa\u00e7\u00e3o B\u00e1sica&#8221; shape=&#8221;square&#8221; color=&#8221;blue&#8221; size=&#8221;lg&#8221; align=&#8221;left&#8221; button_block=&#8221;true&#8221; link=&#8221;url:https%3A%2F%2Ffreire.capes.gov.br%2F|target:_blank&#8221; css=&#8221;.vc_custom_1724105970630{margin-bottom: 5px !important;}&#8221;][vc_btn title=&#8221;FINEP&#8221; shape=&#8221;square&#8221; color=&#8221;primary&#8221; size=&#8221;lg&#8221; align=&#8221;left&#8221; button_block=&#8221;true&#8221; link=&#8221;url:http%3A%2F%2Fwww.finep.gov.br%2F|target:_blank&#8221; css=&#8221;.vc_custom_1724088833063{margin-bottom: 5px !important;}&#8221;][vc_btn title=&#8221;Minist\u00e9rio da Ci\u00eancia, Tecnologia e Inova\u00e7\u00f5es e Comunica\u00e7\u00f5es&#8221; shape=&#8221;square&#8221; color=&#8221;info&#8221; size=&#8221;lg&#8221; align=&#8221;left&#8221; button_block=&#8221;true&#8221; link=&#8221;url:https%3A%2F%2Fwww.gov.br%2Fmcti%2Fpt-br|target:_blank&#8221; css=&#8221;.vc_custom_1724106034058{margin-bottom: 5px !important;}&#8221;][vc_btn title=&#8221;Minist\u00e9rio da Educa\u00e7\u00e3o&#8221; shape=&#8221;square&#8221; color=&#8221;sky&#8221; size=&#8221;lg&#8221; align=&#8221;left&#8221; button_block=&#8221;true&#8221; link=&#8221;url:https%3A%2F%2Fwww.gov.br%2Fmec%2Fpt-br|target:_blank&#8221; css=&#8221;.vc_custom_1724106069759{margin-bottom: 5px !important;}&#8221;][vc_btn title=&#8221;Peri\u00f3dicos&#8221; shape=&#8221;square&#8221; color=&#8221;info&#8221; size=&#8221;lg&#8221; align=&#8221;left&#8221; button_block=&#8221;true&#8221; link=&#8221;url:https%3A%2F%2Fwww-periodicos-capes-gov-br.ez121.periodicos.capes.gov.br%2Findex.php%3F|target:_blank&#8221; css=&#8221;.vc_custom_1724106119716{margin-bottom: 5px !important;}&#8221;][vc_btn title=&#8221;Dom\u00ednio P\u00fablico&#8221; shape=&#8221;square&#8221; color=&#8221;purple&#8221; size=&#8221;lg&#8221; align=&#8221;left&#8221; button_block=&#8221;true&#8221; link=&#8221;url:http%3A%2F%2Fportal.mec.gov.br%2Fdominio-publico|target:_blank&#8221; css=&#8221;.vc_custom_1724106183634{margin-bottom: 5px !important;}&#8221;][vc_btn title=&#8221;Minist\u00e9rio da Cultura&#8221; shape=&#8221;square&#8221; color=&#8221;inverse&#8221; size=&#8221;lg&#8221; align=&#8221;left&#8221; button_block=&#8221;true&#8221; link=&#8221;url:https%3A%2F%2Fwww.gov.br%2Fcultura%2Fpt-br|target:_blank&#8221; css=&#8221;.vc_custom_1724106203498{margin-bottom: 5px !important;}&#8221;][\/vc_column][\/vc_row]<\/p>\n<\/div>","protected":false},"excerpt":{"rendered":"<p>[vc_row gap=&#8221;30&#8243;][vc_column width=&#8221;2\/3&#8243;][vc_text_separator title=&#8221;Not\u00edcias&#8221; i_icon_fontawesome=&#8221;fas fa-angle-double-right&#8221; i_color=&#8221;custom&#8221; title_align=&#8221;separator_align_left&#8221; add_icon=&#8221;true&#8221; i_custom_color=&#8221;#cc0000&#8243;][vc_empty_space][\/vc_column][vc_column width=&#8221;1\/3&#8243;][vc_text_separator title=&#8221;Links de interesse&#8221; i_icon_fontawesome=&#8221;fas fa-angle-double-right&#8221; i_color=&#8221;custom&#8221; title_align=&#8221;separator_align_left&#8221; add_icon=&#8221;true&#8221; i_custom_color=&#8221;#cc0000&#8243;][vc_btn title=&#8221;PPGECEM&#8221; shape=&#8221;square&#8221; color=&#8221;violet&#8221; size=&#8221;lg&#8221; align=&#8221;left&#8221; button_block=&#8221;true&#8221; link=&#8221;url:http%3A%2F%2Fpos-graduacao.uepb.edu.br%2Fppgecm%2F|target:_blank&#8221; css=&#8221;.vc_custom_1724088388765{margin-bottom: 5px !important;}&#8221;][vc_btn title=&#8221;SBM &#8211; Sociedade Brasileira de Matem\u00e1tica&#8221; shape=&#8221;square&#8221; color=&#8221;purple&#8221; size=&#8221;lg&#8221; align=&#8221;left&#8221; button_block=&#8221;true&#8221; link=&#8221;url:https%3A%2F%2Fwww.sbm.org.br%2F|target:_blank&#8221; css=&#8221;.vc_custom_1724088428139{margin-bottom: 5px !important;}&#8221;][vc_btn title=&#8221;SBEM \u2013 Sociedade Brasileira de Educa\u00e7\u00e3o Matem\u00e1tica&#8221; shape=&#8221;square&#8221; color=&#8221;blue&#8221; size=&#8221;lg&#8221; <a class=\"leiamais\" href=\"https:\/\/grupos.uepb.edu.br\/gprpem\/\">Leia Mais&#8230;<\/a><\/p>\n","protected":false},"author":1,"featured_media":0,"parent":0,"menu_order":0,"comment_status":"closed","ping_status":"closed","template":"","meta":{"footnotes":""},"class_list":["post-642","page","type-page","status-publish","hentry"],"_links":{"self":[{"href":"https:\/\/grupos.uepb.edu.br\/gprpem\/wp-json\/wp\/v2\/pages\/642","targetHints":{"allow":["GET"]}}],"collection":[{"href":"https:\/\/grupos.uepb.edu.br\/gprpem\/wp-json\/wp\/v2\/pages"}],"about":[{"href":"https:\/\/grupos.uepb.edu.br\/gprpem\/wp-json\/wp\/v2\/types\/page"}],"author":[{"embeddable":true,"href":"https:\/\/grupos.uepb.edu.br\/gprpem\/wp-json\/wp\/v2\/users\/1"}],"replies":[{"embeddable":true,"href":"https:\/\/grupos.uepb.edu.br\/gprpem\/wp-json\/wp\/v2\/comments?post=642"}],"version-history":[{"count":18,"href":"https:\/\/grupos.uepb.edu.br\/gprpem\/wp-json\/wp\/v2\/pages\/642\/revisions"}],"predecessor-version":[{"id":716,"href":"https:\/\/grupos.uepb.edu.br\/gprpem\/wp-json\/wp\/v2\/pages\/642\/revisions\/716"}],"wp:attachment":[{"href":"https:\/\/grupos.uepb.edu.br\/gprpem\/wp-json\/wp\/v2\/media?parent=642"}],"curies":[{"name":"wp","href":"https:\/\/api.w.org\/{rel}","templated":true}]}}