{"id":429,"date":"2018-05-18T14:13:38","date_gmt":"2018-05-18T17:13:38","guid":{"rendered":"https:\/\/grupos.uepb.edu.br\/gprpem\/?page_id=429"},"modified":"2019-10-23T12:33:20","modified_gmt":"2019-10-23T14:33:20","slug":"tccs","status":"publish","type":"page","link":"https:\/\/grupos.uepb.edu.br\/gprpem\/tccs\/","title":{"rendered":"TCCs"},"content":{"rendered":"<p><strong>Proposta de ensino-aprendizagem da trigonometria atrav\u00e9s de resolu\u00e7\u00e3o de problemas<br \/>\n<\/strong>Por: Izailma Nunes de Lima<em><br \/>\n<\/em><a href=\"http:\/\/dspace.bc.uepb.edu.br\/jspui\/handle\/123456789\/12308\" target=\"_blank\" rel=\"noopener noreferrer\">Texto Completo<\/a><\/p>\n<p><strong>N\u00fameros e opera\u00e7\u00f5es num\u00e9ricas: explorando possibilidades em um cen\u00e1rio de resolu\u00e7\u00e3o de problemas<br \/>\n<\/strong>Por:\u00a0Lincomberg Martins<em><br \/>\n<\/em><a href=\"http:\/\/dspace.bc.uepb.edu.br\/jspui\/handle\/123456789\/10809\">Texto Completo<\/a><\/p>\n<p><strong>Resolu\u00e7\u00e3o de problemas: uma experi\u00eancia no est\u00e1gio supervisionado<br \/>\n<\/strong>Por:\u00a0Karoline de Freitas Ribeiro<em><br \/>\n<\/em><a href=\"http:\/\/dspace.bc.uepb.edu.br\/jspui\/handle\/123456789\/14824\" target=\"_blank\" rel=\"noopener noreferrer\">Texto Completo<\/a><em><br \/>\n<\/em><\/p>\n<p><strong>Teatro e dan\u00e7a nos anos iniciais no cen\u00e1rio da modelagem matem\u00e1tica<br \/>\n<\/strong>Por: Rayane de F\u00e1tima Ferreira Morato<em><br \/>\n<\/em><a href=\"http:\/\/dspace.bc.uepb.edu.br\/jspui\/handle\/123456789\/12426\">Texto Completo<\/a><\/p>\n<p>Os diferentes modos e perspectivas da Resolu\u00e7\u00e3o de Problemas<br \/>\nPor: Valqu\u00edria Ferreira Alves<br \/>\n<a href=\"http:\/\/dspace.bc.uepb.edu.br\/jspui\/handle\/123456789\/18316\" target=\"_blank\" rel=\"noopener noreferrer\">Texto Completo<\/a><\/p>\n<p><strong>Uma atividade envolvendo fra\u00e7\u00f5es e resolu\u00e7\u00e3o de problemas no 6\u00ba ano do Ensino Fundamental<\/strong><br \/>\nPor: M\u00e1rcia Val\u00e9ria Batista da Silva<br \/>\n<a href=\"http:\/\/dspace.bc.uepb.edu.br\/jspui\/handle\/123456789\/18318\"><span style=\"text-decoration: underline;\">Texto Completo<\/span><\/a><\/p>\n<p><strong>O Caso da Metodologia de Resolu\u00e7\u00e3o de Problemas e os Est\u00e1gios de Reg\u00eancia: uma proposta para a forma\u00e7\u00e3o do professor de matem\u00e1tica<br \/>\n<\/strong>Por: Maciel de Souza Assis<br \/>\n<a href=\"http:\/\/dspace.bc.uepb.edu.br\/jspui\/handle\/123456789\/20914\" target=\"_blank\" rel=\"noopener noreferrer\"><u>Texto Completo<\/u><\/a><\/p>\n<p>&nbsp;<\/p>\n<p>&nbsp;<\/p>\n","protected":false},"excerpt":{"rendered":"<p>Proposta de ensino-aprendizagem da trigonometria atrav\u00e9s de resolu\u00e7\u00e3o de problemas Por: Izailma Nunes de Lima Texto Completo N\u00fameros e opera\u00e7\u00f5es num\u00e9ricas: explorando possibilidades em um cen\u00e1rio de resolu\u00e7\u00e3o de problemas Por:\u00a0Lincomberg Martins Texto Completo Resolu\u00e7\u00e3o de problemas: uma experi\u00eancia no est\u00e1gio supervisionado Por:\u00a0Karoline de Freitas Ribeiro Texto Completo Teatro e dan\u00e7a nos anos iniciais no <a class=\"leiamais\" href=\"https:\/\/grupos.uepb.edu.br\/gprpem\/tccs\/\">Leia Mais&#8230;<\/a><\/p>\n","protected":false},"author":4,"featured_media":0,"parent":0,"menu_order":0,"comment_status":"closed","ping_status":"closed","template":"","meta":{"footnotes":""},"class_list":["post-429","page","type-page","status-publish","hentry"],"_links":{"self":[{"href":"https:\/\/grupos.uepb.edu.br\/gprpem\/wp-json\/wp\/v2\/pages\/429","targetHints":{"allow":["GET"]}}],"collection":[{"href":"https:\/\/grupos.uepb.edu.br\/gprpem\/wp-json\/wp\/v2\/pages"}],"about":[{"href":"https:\/\/grupos.uepb.edu.br\/gprpem\/wp-json\/wp\/v2\/types\/page"}],"author":[{"embeddable":true,"href":"https:\/\/grupos.uepb.edu.br\/gprpem\/wp-json\/wp\/v2\/users\/4"}],"replies":[{"embeddable":true,"href":"https:\/\/grupos.uepb.edu.br\/gprpem\/wp-json\/wp\/v2\/comments?post=429"}],"version-history":[{"count":6,"href":"https:\/\/grupos.uepb.edu.br\/gprpem\/wp-json\/wp\/v2\/pages\/429\/revisions"}],"predecessor-version":[{"id":582,"href":"https:\/\/grupos.uepb.edu.br\/gprpem\/wp-json\/wp\/v2\/pages\/429\/revisions\/582"}],"wp:attachment":[{"href":"https:\/\/grupos.uepb.edu.br\/gprpem\/wp-json\/wp\/v2\/media?parent=429"}],"curies":[{"name":"wp","href":"https:\/\/api.w.org\/{rel}","templated":true}]}}