{"id":425,"date":"2018-05-18T12:24:58","date_gmt":"2018-05-18T15:24:58","guid":{"rendered":"https:\/\/grupos.uepb.edu.br\/gprpem\/?page_id=425"},"modified":"2024-08-19T13:28:41","modified_gmt":"2024-08-19T16:28:41","slug":"projetos-em-andamento","status":"publish","type":"page","link":"https:\/\/grupos.uepb.edu.br\/gprpem\/projetos-em-andamento\/","title":{"rendered":"Projetos em Andamento"},"content":{"rendered":"<div class=\"wpb-content-wrapper\"><p>[vc_row][vc_column][vc_text_separator title=&#8221;Disserta\u00e7\u00e3o (MESTRADO)&#8221; title_align=&#8221;separator_align_left&#8221; css=&#8221;.vc_custom_1724084892300{margin-top: 30px !important;margin-bottom: 30px !important;}&#8221;][vc_column_text]<strong>Projeto em andamento<\/strong>: Rela\u00e7\u00f5es M\u00e9tricas no Tri\u00e2ngulo Ret\u00e2ngulo: Um Estudo Atrav\u00e9s do Geogebra e Resolu\u00e7\u00e3o de Problemas<\/p>\n<p><strong>Autor<\/strong>: Jos\u00e9 Genilson da Costa<\/p>\n<p><strong>Orientador<\/strong>: Prof. Dr. Roger Huanca<\/p>\n<p><strong>In\u00edcio<\/strong>: 2023[\/vc_column_text][vc_separator css=&#8221;.vc_custom_1724084625561{margin-top: 30px !important;margin-bottom: 30px !important;}&#8221;][vc_column_text]<strong>Projeto em andamento<\/strong>: Ensino-Aprendizagem do C\u00e1lculo Integral em um ambiente de Resolu\u00e7\u00e3o de Problema e utiliza\u00e7\u00e3o das Tecnologias Digitais<\/p>\n<p><strong>Autor<\/strong>: Elieudo Nogueira Silva<\/p>\n<p><strong>Orientador<\/strong>: Prof. Dr. Roger Huanca<\/p>\n<p><strong>In\u00edcio<\/strong>: 2023[\/vc_column_text][vc_separator css=&#8221;.vc_custom_1724084625561{margin-top: 30px !important;margin-bottom: 30px !important;}&#8221;][vc_column_text]<strong>Projeto em andamento<\/strong>: O Ensino da Matem\u00e1tica B\u00e1sica atrav\u00e9s da Resolu\u00e7\u00e3o de Problemas com a Assist\u00eancia da Intelig\u00eancia Artificial (IA): Uma Contribui\u00e7\u00e3o na Forma\u00e7\u00e3o Continuada de Professores dos Anos Iniciais<\/p>\n<p><strong>Autora<\/strong>: Wanessa Silva Fernandes<\/p>\n<p><strong>Orientador<\/strong>: Prof. Dr. Roger Huanca<\/p>\n<p><strong>In\u00edcio<\/strong>: 2024[\/vc_column_text][vc_separator css=&#8221;.vc_custom_1724084625561{margin-top: 30px !important;margin-bottom: 30px !important;}&#8221;][vc_column_text]<strong>Projeto em andamento<\/strong>: O Teorema de Green Atrav\u00e9s da Resolu\u00e7\u00e3o de Problemas: Desafios e Possibilidades na Licenciatura em Matem\u00e1tica<\/p>\n<p><strong>Autor<\/strong>: Jean Martins de Arruda Santos<\/p>\n<p><strong>Orientador<\/strong>: Prof. Dr. Roger Huanca<\/p>\n<p><strong>In\u00edcio<\/strong>: 2024[\/vc_column_text][vc_separator css=&#8221;.vc_custom_1724084625561{margin-top: 30px !important;margin-bottom: 30px !important;}&#8221;][vc_column_text]<strong>Projeto em andamento<\/strong>:<\/p>\n<p><strong>Autor<\/strong>: Jorbson Bezerra Barros<\/p>\n<p><strong>Orientador<\/strong>: Prof. Dr. Roger Huanca<\/p>\n<p><strong>In\u00edcio<\/strong>: 2024[\/vc_column_text][\/vc_column][\/vc_row]<\/p>\n<\/div>","protected":false},"excerpt":{"rendered":"<p>[vc_row][vc_column][vc_text_separator title=&#8221;Disserta\u00e7\u00e3o (MESTRADO)&#8221; title_align=&#8221;separator_align_left&#8221; css=&#8221;.vc_custom_1724084892300{margin-top: 30px !important;margin-bottom: 30px !important;}&#8221;][vc_column_text]Projeto em andamento: Rela\u00e7\u00f5es M\u00e9tricas no Tri\u00e2ngulo Ret\u00e2ngulo: Um Estudo Atrav\u00e9s do Geogebra e Resolu\u00e7\u00e3o de Problemas Autor: Jos\u00e9 Genilson da Costa Orientador: Prof. Dr. Roger Huanca In\u00edcio: 2023[\/vc_column_text][vc_separator css=&#8221;.vc_custom_1724084625561{margin-top: 30px !important;margin-bottom: 30px !important;}&#8221;][vc_column_text]Projeto em andamento: Ensino-Aprendizagem do C\u00e1lculo Integral em um ambiente de Resolu\u00e7\u00e3o de Problema <a class=\"leiamais\" href=\"https:\/\/grupos.uepb.edu.br\/gprpem\/projetos-em-andamento\/\">Leia Mais&#8230;<\/a><\/p>\n","protected":false},"author":3,"featured_media":0,"parent":0,"menu_order":0,"comment_status":"closed","ping_status":"closed","template":"","meta":{"footnotes":""},"class_list":["post-425","page","type-page","status-publish","hentry"],"_links":{"self":[{"href":"https:\/\/grupos.uepb.edu.br\/gprpem\/wp-json\/wp\/v2\/pages\/425","targetHints":{"allow":["GET"]}}],"collection":[{"href":"https:\/\/grupos.uepb.edu.br\/gprpem\/wp-json\/wp\/v2\/pages"}],"about":[{"href":"https:\/\/grupos.uepb.edu.br\/gprpem\/wp-json\/wp\/v2\/types\/page"}],"author":[{"embeddable":true,"href":"https:\/\/grupos.uepb.edu.br\/gprpem\/wp-json\/wp\/v2\/users\/3"}],"replies":[{"embeddable":true,"href":"https:\/\/grupos.uepb.edu.br\/gprpem\/wp-json\/wp\/v2\/comments?post=425"}],"version-history":[{"count":26,"href":"https:\/\/grupos.uepb.edu.br\/gprpem\/wp-json\/wp\/v2\/pages\/425\/revisions"}],"predecessor-version":[{"id":667,"href":"https:\/\/grupos.uepb.edu.br\/gprpem\/wp-json\/wp\/v2\/pages\/425\/revisions\/667"}],"wp:attachment":[{"href":"https:\/\/grupos.uepb.edu.br\/gprpem\/wp-json\/wp\/v2\/media?parent=425"}],"curies":[{"name":"wp","href":"https:\/\/api.w.org\/{rel}","templated":true}]}}